{"id":1275,"date":"2026-05-15T17:50:18","date_gmt":"2026-05-15T20:50:18","guid":{"rendered":"https:\/\/www.allendeferrante.com\/?page_id=1275"},"modified":"2026-05-15T23:21:18","modified_gmt":"2026-05-16T02:21:18","slug":"politicas-de-cookies","status":"publish","type":"page","link":"https:\/\/www.allendeferrante.com\/en\/politicas-de-cookies\/","title":{"rendered":"Cookie Policy"},"content":{"rendered":"<div data-elementor-type=\"wp-page\" data-elementor-id=\"1275\" class=\"elementor elementor-1275\" data-elementor-post-type=\"page\">\n\t\t\t\t<div class=\"elementor-element elementor-element-e0e8bc6 e-flex e-con-boxed e-con e-parent\" data-id=\"e0e8bc6\" data-element_type=\"container\" data-e-type=\"container\">\n\t\t\t\t\t<div class=\"e-con-inner\">\n\t\t\t\t<div class=\"elementor-element elementor-element-023b86b elementor-widget elementor-widget-heading\" data-id=\"023b86b\" data-element_type=\"widget\" data-e-type=\"widget\" data-widget_type=\"heading.default\">\n\t\t\t\t\t<h2 class=\"elementor-heading-title elementor-size-default\">\u00daltima actualizaci\u00f3n: 15\/05\/2026<\/h2>\t\t\t\t<\/div>\n\t\t\t\t<div class=\"elementor-element elementor-element-4f059eb elementor-widget elementor-widget-heading\" data-id=\"4f059eb\" data-element_type=\"widget\" data-e-type=\"widget\" data-widget_type=\"heading.default\">\n\t\t\t\t\t<h2 class=\"elementor-heading-title elementor-size-default\">Pol\u00edticas de Cookies<\/h2>\t\t\t\t<\/div>\n\t\t\t\t<div class=\"elementor-element elementor-element-3625904 elementor-widget elementor-widget-heading\" data-id=\"3625904\" data-element_type=\"widget\" data-e-type=\"widget\" data-widget_type=\"heading.default\">\n\t\t\t\t\t<h2 class=\"elementor-heading-title elementor-size-default\">A&amp;F Abogados<\/h2>\t\t\t\t<\/div>\n\t\t<div class=\"elementor-element elementor-element-927d3dc e-con-full e-flex e-con e-child\" data-id=\"927d3dc\" data-element_type=\"container\" data-e-type=\"container\">\n\t\t\t\t<div class=\"elementor-element elementor-element-eb0d8fd elementor-widget elementor-widget-text-editor\" data-id=\"eb0d8fd\" data-element_type=\"widget\" data-e-type=\"widget\" data-widget_type=\"text-editor.default\">\n\t\t\t\t\t\t\t\t\t<p>En A&amp;F Abogados (\u201cnosotros\u201d, \u201cnuestro\u201d o \u201cel sitio web\u201d), utilizamos cookies y tecnolog\u00edas similares para garantizar el correcto funcionamiento del sitio web www.allendeferrante.com y mejorar la experiencia de navegaci\u00f3n de los usuarios.<\/p>\t\t\t\t\t\t\t\t<\/div>\n\t\t\t\t<\/div>\n\t\t<div class=\"elementor-element elementor-element-c37c4c6 e-con-full e-flex e-con e-child\" data-id=\"c37c4c6\" data-element_type=\"container\" data-e-type=\"container\">\n\t\t\t\t<div class=\"elementor-element elementor-element-b41becb elementor-widget elementor-widget-heading\" data-id=\"b41becb\" data-element_type=\"widget\" data-e-type=\"widget\" data-widget_type=\"heading.default\">\n\t\t\t\t\t<h2 class=\"elementor-heading-title elementor-size-default\">\u00bfQu\u00e9 son las cookies?<\/h2>\t\t\t\t<\/div>\n\t\t\t\t<div class=\"elementor-element elementor-element-935e778 elementor-widget elementor-widget-text-editor\" data-id=\"935e778\" data-element_type=\"widget\" data-e-type=\"widget\" data-widget_type=\"text-editor.default\">\n\t\t\t\t\t\t\t\t\t<p>Las cookies son peque\u00f1os archivos de texto que se almacenan en el dispositivo del usuario cuando visita un sitio web. Estas permiten reconocer el navegador, recordar preferencias y recopilar determinada informaci\u00f3n t\u00e9cnica.<\/p>\t\t\t\t\t\t\t\t<\/div>\n\t\t\t\t<\/div>\n\t\t<div class=\"elementor-element elementor-element-6e9920f e-con-full e-flex e-con e-child\" data-id=\"6e9920f\" data-element_type=\"container\" data-e-type=\"container\">\n\t\t\t\t<div class=\"elementor-element elementor-element-f24bffc elementor-widget elementor-widget-heading\" data-id=\"f24bffc\" data-element_type=\"widget\" data-e-type=\"widget\" data-widget_type=\"heading.default\">\n\t\t\t\t\t<h2 class=\"elementor-heading-title elementor-size-default\">\u00bfQu\u00e9 tipos de cookies utilizamos?<\/h2>\t\t\t\t<\/div>\n\t\t\t\t<div class=\"elementor-element elementor-element-3e7b395 elementor-widget elementor-widget-text-editor\" data-id=\"3e7b395\" data-element_type=\"widget\" data-e-type=\"widget\" data-widget_type=\"text-editor.default\">\n\t\t\t\t\t\t\t\t\t<ul><li><strong>Cookies necesarias<\/strong><ul><li>Estas cookies son esenciales para el funcionamiento del sitio web y permiten funciones b\u00e1sicas como la navegaci\u00f3n, seguridad y gesti\u00f3n de sesiones.<\/li><\/ul><\/li><\/ul><p>\u00a0<\/p><ul><li><strong>Cookies de preferencias<\/strong><ul><li>Permiten recordar configuraciones o elecciones realizadas por el usuario, como preferencias relacionadas con el consentimiento de cookies.<\/li><\/ul><\/li><\/ul><p>\u00a0<\/p><ul><li><strong>Cookies de servicios de terceros<\/strong><ul><li>El sitio web utiliza servicios proporcionados por terceros, incluyendo Google Maps y Google Places API, para mostrar la ubicaci\u00f3n de nuestras oficinas y funcionalidades relacionadas con mapas.<\/li><\/ul><\/li><\/ul><p>\u00a0<\/p><p>Estos servicios pueden utilizar cookies y recopilar informaci\u00f3n t\u00e9cnica conforme a sus propias pol\u00edticas de privacidad.<\/p>\t\t\t\t\t\t\t\t<\/div>\n\t\t\t\t<\/div>\n\t\t<div class=\"elementor-element elementor-element-66ab609 e-con-full e-flex e-con e-child\" data-id=\"66ab609\" data-element_type=\"container\" data-e-type=\"container\">\n\t\t\t\t<div class=\"elementor-element elementor-element-4a4f72b elementor-widget elementor-widget-heading\" data-id=\"4a4f72b\" data-element_type=\"widget\" data-e-type=\"widget\" data-widget_type=\"heading.default\">\n\t\t\t\t\t<h2 class=\"elementor-heading-title elementor-size-default\">\u00bfUtilizamos cookies de publicidad o an\u00e1lisis?<\/h2>\t\t\t\t<\/div>\n\t\t\t\t<div class=\"elementor-element elementor-element-ac8803e elementor-widget elementor-widget-text-editor\" data-id=\"ac8803e\" data-element_type=\"widget\" data-e-type=\"widget\" data-widget_type=\"text-editor.default\">\n\t\t\t\t\t\t\t\t\t<p>No, actualmente:<\/p><ul><li>No utilizamos Google Analytics.<\/li><li>No utilizamos Meta Pixel.<\/li><li>No mostramos publicidad.<\/li><li>No realizamos seguimiento publicitario de usuarios.<\/li><\/ul>\t\t\t\t\t\t\t\t<\/div>\n\t\t\t\t<\/div>\n\t\t<div class=\"elementor-element elementor-element-9863da4 e-con-full e-flex e-con e-child\" data-id=\"9863da4\" data-element_type=\"container\" data-e-type=\"container\">\n\t\t\t\t<div class=\"elementor-element elementor-element-a61a54f elementor-widget elementor-widget-heading\" data-id=\"a61a54f\" data-element_type=\"widget\" data-e-type=\"widget\" data-widget_type=\"heading.default\">\n\t\t\t\t\t<h2 class=\"elementor-heading-title elementor-size-default\">Consentimiento<\/h2>\t\t\t\t<\/div>\n\t\t\t\t<div class=\"elementor-element elementor-element-7f87d10 elementor-widget elementor-widget-text-editor\" data-id=\"7f87d10\" data-element_type=\"widget\" data-e-type=\"widget\" data-widget_type=\"text-editor.default\">\n\t\t\t\t\t\t\t\t\t<p>Al ingresar al sitio web, el usuario puede aceptar o rechazar el uso de cookies mediante el banner de consentimiento correspondiente.<\/p><p>El usuario tambi\u00e9n puede configurar su navegador para bloquear o eliminar cookies en cualquier momento.<\/p>\t\t\t\t\t\t\t\t<\/div>\n\t\t\t\t<\/div>\n\t\t<div class=\"elementor-element elementor-element-74e4e91 e-con-full e-flex e-con e-child\" data-id=\"74e4e91\" data-element_type=\"container\" data-e-type=\"container\">\n\t\t\t\t<div class=\"elementor-element elementor-element-2519aba elementor-widget elementor-widget-heading\" data-id=\"2519aba\" data-element_type=\"widget\" data-e-type=\"widget\" data-widget_type=\"heading.default\">\n\t\t\t\t\t<h2 class=\"elementor-heading-title elementor-size-default\">C\u00f3mo administrar cookies<\/h2>\t\t\t\t<\/div>\n\t\t\t\t<div class=\"elementor-element elementor-element-402b212 elementor-widget elementor-widget-text-editor\" data-id=\"402b212\" data-element_type=\"widget\" data-e-type=\"widget\" data-widget_type=\"text-editor.default\">\n\t\t\t\t\t\t\t\t\t<p>La mayor\u00eda de los navegadores permiten:<\/p><ul><li>Aceptar o rechazar cookies.<\/li><li>Eliminar cookies almacenadas.<\/li><li>Configurar alertas antes de almacenar cookies.<\/li><\/ul><p>\u00a0<\/p><p>La desactivaci\u00f3n de determinadas cookies puede afectar algunas funcionalidades del sitio web.<\/p>\t\t\t\t\t\t\t\t<\/div>\n\t\t\t\t<\/div>\n\t\t<div class=\"elementor-element elementor-element-026af9a e-con-full e-flex e-con e-child\" data-id=\"026af9a\" data-element_type=\"container\" data-e-type=\"container\">\n\t\t\t\t<div class=\"elementor-element elementor-element-4a596f9 elementor-widget elementor-widget-heading\" data-id=\"4a596f9\" data-element_type=\"widget\" data-e-type=\"widget\" data-widget_type=\"heading.default\">\n\t\t\t\t\t<h2 class=\"elementor-heading-title elementor-size-default\">Contact<\/h2>\t\t\t\t<\/div>\n\t\t\t\t<div class=\"elementor-element elementor-element-2f262e1 elementor-widget elementor-widget-text-editor\" data-id=\"2f262e1\" data-element_type=\"widget\" data-e-type=\"widget\" data-widget_type=\"text-editor.default\">\n\t\t\t\t\t\t\t\t\t<p>Si tiene consultas sobre esta Pol\u00edtica de Cookies, puede contactarnos a trav\u00e9s de:<\/p><ul><li>Email: info@allendeferrante.com<\/li><li>Tel\u00e9fono: +54 11 5263-8100<\/li><li>Sitio web: www.allendeferrante.com\/contacto<\/li><\/ul>\t\t\t\t\t\t\t\t<\/div>\n\t\t\t\t<\/div>\n\t\t\t\t\t<\/div>\n\t\t\t\t<\/div>\n\t\t\t\t<\/div>","protected":false},"excerpt":{"rendered":"<p>\u00daltima actualizaci\u00f3n: 15\/05\/2026 Pol\u00edticas de Cookies A&amp;F Abogados En A&amp;F Abogados (\u201cnosotros\u201d, \u201cnuestro\u201d o \u201cel sitio web\u201d), utilizamos cookies y tecnolog\u00edas similares para garantizar el correcto funcionamiento del sitio web www.allendeferrante.com y mejorar la experiencia de navegaci\u00f3n de los usuarios. \u00bfQu\u00e9 son las cookies? Las cookies son peque\u00f1os archivos de texto que se almacenan en [&hellip;]<\/p>\n","protected":false},"author":1,"featured_media":0,"parent":0,"menu_order":0,"comment_status":"closed","ping_status":"closed","template":"elementor_header_footer","meta":{"footnotes":""},"class_list":["post-1275","page","type-page","status-publish","hentry"],"_links":{"self":[{"href":"https:\/\/www.allendeferrante.com\/en\/wp-json\/wp\/v2\/pages\/1275","targetHints":{"allow":["GET"]}}],"collection":[{"href":"https:\/\/www.allendeferrante.com\/en\/wp-json\/wp\/v2\/pages"}],"about":[{"href":"https:\/\/www.allendeferrante.com\/en\/wp-json\/wp\/v2\/types\/page"}],"author":[{"embeddable":true,"href":"https:\/\/www.allendeferrante.com\/en\/wp-json\/wp\/v2\/users\/1"}],"replies":[{"embeddable":true,"href":"https:\/\/www.allendeferrante.com\/en\/wp-json\/wp\/v2\/comments?post=1275"}],"version-history":[{"count":25,"href":"https:\/\/www.allendeferrante.com\/en\/wp-json\/wp\/v2\/pages\/1275\/revisions"}],"predecessor-version":[{"id":1333,"href":"https:\/\/www.allendeferrante.com\/en\/wp-json\/wp\/v2\/pages\/1275\/revisions\/1333"}],"wp:attachment":[{"href":"https:\/\/www.allendeferrante.com\/en\/wp-json\/wp\/v2\/media?parent=1275"}],"curies":[{"name":"wp","href":"https:\/\/api.w.org\/{rel}","templated":true}]}}