{"id":1294,"date":"2026-05-15T19:56:45","date_gmt":"2026-05-15T22:56:45","guid":{"rendered":"https:\/\/www.allendeferrante.com\/?page_id=1294"},"modified":"2026-05-15T20:02:53","modified_gmt":"2026-05-15T23:02:53","slug":"politicas-de-privacidad","status":"publish","type":"page","link":"https:\/\/www.allendeferrante.com\/en\/politicas-de-privacidad\/","title":{"rendered":"Privacy Policy"},"content":{"rendered":"<div data-elementor-type=\"wp-page\" data-elementor-id=\"1294\" class=\"elementor elementor-1294\" data-elementor-post-type=\"page\">\n\t\t\t\t<div class=\"elementor-element elementor-element-b423351 e-flex e-con-boxed e-con e-parent\" data-id=\"b423351\" data-element_type=\"container\" data-e-type=\"container\">\n\t\t\t\t\t<div class=\"e-con-inner\">\n\t\t\t\t<div class=\"elementor-element elementor-element-65ea3f6 elementor-widget elementor-widget-heading\" data-id=\"65ea3f6\" data-element_type=\"widget\" data-e-type=\"widget\" data-widget_type=\"heading.default\">\n\t\t\t\t\t<h2 class=\"elementor-heading-title elementor-size-default\">\u00daltima actualizaci\u00f3n: 15\/05\/2026<\/h2>\t\t\t\t<\/div>\n\t\t\t\t<div class=\"elementor-element elementor-element-afb7e40 elementor-widget elementor-widget-heading\" data-id=\"afb7e40\" data-element_type=\"widget\" data-e-type=\"widget\" data-widget_type=\"heading.default\">\n\t\t\t\t\t<h2 class=\"elementor-heading-title elementor-size-default\">Pol\u00edticas de Privacidad<\/h2>\t\t\t\t<\/div>\n\t\t\t\t<div class=\"elementor-element elementor-element-beb244d elementor-widget elementor-widget-heading\" data-id=\"beb244d\" data-element_type=\"widget\" data-e-type=\"widget\" data-widget_type=\"heading.default\">\n\t\t\t\t\t<h2 class=\"elementor-heading-title elementor-size-default\">A&amp;F Abogados<\/h2>\t\t\t\t<\/div>\n\t\t<div class=\"elementor-element elementor-element-7033224 e-con-full e-flex e-con e-child\" data-id=\"7033224\" data-element_type=\"container\" data-e-type=\"container\">\n\t\t\t\t<div class=\"elementor-element elementor-element-399fa72 elementor-widget elementor-widget-heading\" data-id=\"399fa72\" data-element_type=\"widget\" data-e-type=\"widget\" data-widget_type=\"heading.default\">\n\t\t\t\t\t<h2 class=\"elementor-heading-title elementor-size-default\">1. Informaci\u00f3n General<\/h2>\t\t\t\t<\/div>\n\t\t\t\t<div class=\"elementor-element elementor-element-9002bd8 elementor-widget elementor-widget-text-editor\" data-id=\"9002bd8\" data-element_type=\"widget\" data-e-type=\"widget\" data-widget_type=\"text-editor.default\">\n\t\t\t\t\t\t\t\t\t<p>Esta Pol\u00edtica de Privacidad describe c\u00f3mo A&amp;F; Abogados recopila, utiliza y protege la informaci\u00f3n personal de los usuarios que visitan el sitio web www.allendeferrante.com.<\/p><ul><li>Titular del sitio web: A&amp;F; Abogados<\/li><li>Direcci\u00f3n: Av. Hip\u00f3lito Irigoyen 476 piso 8, Ciudad Aut\u00f3noma de Buenos Aires, Argentina.<\/li><\/ul>\t\t\t\t\t\t\t\t<\/div>\n\t\t\t\t<\/div>\n\t\t<div class=\"elementor-element elementor-element-8aafaf5 e-con-full e-flex e-con e-child\" data-id=\"8aafaf5\" data-element_type=\"container\" data-e-type=\"container\">\n\t\t\t\t<div class=\"elementor-element elementor-element-35c0996 elementor-widget elementor-widget-heading\" data-id=\"35c0996\" data-element_type=\"widget\" data-e-type=\"widget\" data-widget_type=\"heading.default\">\n\t\t\t\t\t<h2 class=\"elementor-heading-title elementor-size-default\">2. Informaci\u00f3n que recopilamos<\/h2>\t\t\t\t<\/div>\n\t\t\t\t<div class=\"elementor-element elementor-element-5bfc28d elementor-widget elementor-widget-text-editor\" data-id=\"5bfc28d\" data-element_type=\"widget\" data-e-type=\"widget\" data-widget_type=\"text-editor.default\">\n\t\t\t\t\t\t\t\t\t<p>El sitio web puede recopilar informaci\u00f3n personal proporcionada voluntariamente por los usuarios a trav\u00e9s<br \/>de formularios de contacto.<br \/><br \/>Los datos recopilados incluyen:<\/p><ul><li>Nombre y apellido<\/li><li>Direcci\u00f3n de correo electr\u00f3nico<\/li><\/ul><p>\u00a0<\/p><p>No recopilamos informaci\u00f3n financiera ni datos sensibles.<\/p>\t\t\t\t\t\t\t\t<\/div>\n\t\t\t\t<\/div>\n\t\t<div class=\"elementor-element elementor-element-3f6fce6 e-con-full e-flex e-con e-child\" data-id=\"3f6fce6\" data-element_type=\"container\" data-e-type=\"container\">\n\t\t\t\t<div class=\"elementor-element elementor-element-bb55ef5 elementor-widget elementor-widget-heading\" data-id=\"bb55ef5\" data-element_type=\"widget\" data-e-type=\"widget\" data-widget_type=\"heading.default\">\n\t\t\t\t\t<h2 class=\"elementor-heading-title elementor-size-default\">3. Finalidad del tratamiento de datos<\/h2>\t\t\t\t<\/div>\n\t\t\t\t<div class=\"elementor-element elementor-element-8e6ee9e elementor-widget elementor-widget-text-editor\" data-id=\"8e6ee9e\" data-element_type=\"widget\" data-e-type=\"widget\" data-widget_type=\"text-editor.default\">\n\t\t\t\t\t\t\t\t\t<p>La informaci\u00f3n recopilada se utiliza exclusivamente para:<\/p><ul><li>Responder consultas realizadas por los usuarios.<\/li><li>Mantener comunicaciones relacionadas con solicitudes enviadas mediante el formulario de contacto.<\/li><li>Mejorar la experiencia general del sitio web.<\/li><\/ul><p>\u00a0<\/p><p>El sitio no env\u00eda boletines informativos, campa\u00f1as de marketing ni correos promocionales.<\/p>\t\t\t\t\t\t\t\t<\/div>\n\t\t\t\t<\/div>\n\t\t<div class=\"elementor-element elementor-element-5391c50 e-con-full e-flex e-con e-child\" data-id=\"5391c50\" data-element_type=\"container\" data-e-type=\"container\">\n\t\t\t\t<div class=\"elementor-element elementor-element-68700ae elementor-widget elementor-widget-heading\" data-id=\"68700ae\" data-element_type=\"widget\" data-e-type=\"widget\" data-widget_type=\"heading.default\">\n\t\t\t\t\t<h2 class=\"elementor-heading-title elementor-size-default\">4. Cookies y tecnolog\u00edas similares<\/h2>\t\t\t\t<\/div>\n\t\t\t\t<div class=\"elementor-element elementor-element-14add7f elementor-widget elementor-widget-text-editor\" data-id=\"14add7f\" data-element_type=\"widget\" data-e-type=\"widget\" data-widget_type=\"text-editor.default\">\n\t\t\t\t\t\t\t\t\t<p>El sitio web utiliza cookies y tecnolog\u00edas similares necesarias para el correcto funcionamiento del sitio y para recordar preferencias de navegaci\u00f3n.<\/p><p>Asimismo, el sitio integra servicios de Google Maps y Google Places API para mostrar la ubicaci\u00f3n de la oficina y funcionalidades relacionadas con mapas.<\/p><p>Estos servicios pueden recopilar informaci\u00f3n t\u00e9cnica como direcci\u00f3n IP, datos de navegaci\u00f3n y preferencias del usuario conforme a las pol\u00edticas de privacidad de Google.<\/p>\t\t\t\t\t\t\t\t<\/div>\n\t\t\t\t<\/div>\n\t\t<div class=\"elementor-element elementor-element-2403e8e e-con-full e-flex e-con e-child\" data-id=\"2403e8e\" data-element_type=\"container\" data-e-type=\"container\">\n\t\t\t\t<div class=\"elementor-element elementor-element-47eca06 elementor-widget elementor-widget-heading\" data-id=\"47eca06\" data-element_type=\"widget\" data-e-type=\"widget\" data-widget_type=\"heading.default\">\n\t\t\t\t\t<h2 class=\"elementor-heading-title elementor-size-default\">5. Servicios de terceros<\/h2>\t\t\t\t<\/div>\n\t\t\t\t<div class=\"elementor-element elementor-element-a57476f elementor-widget elementor-widget-text-editor\" data-id=\"a57476f\" data-element_type=\"widget\" data-e-type=\"widget\" data-widget_type=\"text-editor.default\">\n\t\t\t\t\t\t\t\t\t<p>El sitio web puede utilizar servicios proporcionados por terceros \u00fanicamente para funcionalidades t\u00e9cnicas<br \/>necesarias.<\/p><p>Actualmente:<\/p><ul><li>No utilizamos Google Analytics.<\/li><li>No utilizamos Meta Pixel.<\/li><li>No mostramos anuncios publicitarios.<\/li><li>No realizamos ventas ni transacciones comerciales en l\u00ednea.<\/li><\/ul>\t\t\t\t\t\t\t\t<\/div>\n\t\t\t\t<\/div>\n\t\t<div class=\"elementor-element elementor-element-adb928e e-con-full e-flex e-con e-child\" data-id=\"adb928e\" data-element_type=\"container\" data-e-type=\"container\">\n\t\t\t\t<div class=\"elementor-element elementor-element-bc6533a elementor-widget elementor-widget-heading\" data-id=\"bc6533a\" data-element_type=\"widget\" data-e-type=\"widget\" data-widget_type=\"heading.default\">\n\t\t\t\t\t<h2 class=\"elementor-heading-title elementor-size-default\">6. Protecci\u00f3n de datos<\/h2>\t\t\t\t<\/div>\n\t\t\t\t<div class=\"elementor-element elementor-element-a9780b3 elementor-widget elementor-widget-text-editor\" data-id=\"a9780b3\" data-element_type=\"widget\" data-e-type=\"widget\" data-widget_type=\"text-editor.default\">\n\t\t\t\t\t\t\t\t\t<p>A&amp;F Abogados adopta medidas t\u00e9cnicas y organizativas razonables para proteger la informaci\u00f3n personal contra accesos no autorizados, alteraci\u00f3n, divulgaci\u00f3n o destrucci\u00f3n.<\/p>\t\t\t\t\t\t\t\t<\/div>\n\t\t\t\t<\/div>\n\t\t<div class=\"elementor-element elementor-element-c90139f e-con-full e-flex e-con e-child\" data-id=\"c90139f\" data-element_type=\"container\" data-e-type=\"container\">\n\t\t\t\t<div class=\"elementor-element elementor-element-0b0d335 elementor-widget elementor-widget-heading\" data-id=\"0b0d335\" data-element_type=\"widget\" data-e-type=\"widget\" data-widget_type=\"heading.default\">\n\t\t\t\t\t<h2 class=\"elementor-heading-title elementor-size-default\">7. Derechos de los usuarios<\/h2>\t\t\t\t<\/div>\n\t\t\t\t<div class=\"elementor-element elementor-element-2037864 elementor-widget elementor-widget-text-editor\" data-id=\"2037864\" data-element_type=\"widget\" data-e-type=\"widget\" data-widget_type=\"text-editor.default\">\n\t\t\t\t\t\t\t\t\t<p>Dependiendo de la jurisdicci\u00f3n aplicable, incluidos el Reglamento General de Protecci\u00f3n de Datos (GDPR), la California Consumer Privacy Act (CCPA) y la California Online Privacy Protection Act (CalOPPA), los usuarios pueden tener derecho a:<\/p><ul><li>Acceder a sus datos personales.<\/li><li>Solicitar la rectificaci\u00f3n o eliminaci\u00f3n de sus datos.<\/li><li>Solicitar limitaciones en el tratamiento de la informaci\u00f3n.<\/li><li>Conocer qu\u00e9 datos se recopilan y c\u00f3mo son utilizados.<\/li><li>Solicitar la eliminaci\u00f3n de informaci\u00f3n personal cuando corresponda.<\/li><\/ul>\t\t\t\t\t\t\t\t<\/div>\n\t\t\t\t<\/div>\n\t\t<div class=\"elementor-element elementor-element-86b89d1 e-con-full e-flex e-con e-child\" data-id=\"86b89d1\" data-element_type=\"container\" data-e-type=\"container\">\n\t\t\t\t<div class=\"elementor-element elementor-element-9ae7805 elementor-widget elementor-widget-heading\" data-id=\"9ae7805\" data-element_type=\"widget\" data-e-type=\"widget\" data-widget_type=\"heading.default\">\n\t\t\t\t\t<h2 class=\"elementor-heading-title elementor-size-default\">8. Contacto<\/h2>\t\t\t\t<\/div>\n\t\t\t\t<div class=\"elementor-element elementor-element-41e0699 elementor-widget elementor-widget-text-editor\" data-id=\"41e0699\" data-element_type=\"widget\" data-e-type=\"widget\" data-widget_type=\"text-editor.default\">\n\t\t\t\t\t\t\t\t\t<p>Los usuarios pueden comunicarse con A&amp;F Abogados para consultas relacionadas con privacidad y protecci\u00f3n de datos a trav\u00e9s de:<\/p><ul><li>Email: info@allendeferrante.com<\/li><li>Tel\u00e9fono: +54 11 5263-8100<\/li><li>Sitio web: www.allendeferrante.com\/contacto<\/li><li>Acceder a sus datos personales.<\/li><li>Solicitar la rectificaci\u00f3n o eliminaci\u00f3n de sus datos.<\/li><li>Solicitar limitaciones en el tratamiento de la informaci\u00f3n.<\/li><li>Conocer qu\u00e9 datos se recopilan y c\u00f3mo son utilizados.<\/li><li>Solicitar la eliminaci\u00f3n de informaci\u00f3n personal cuando corresponda.<\/li><\/ul>\t\t\t\t\t\t\t\t<\/div>\n\t\t\t\t<\/div>\n\t\t<div class=\"elementor-element elementor-element-5bf019a e-con-full e-flex e-con e-child\" data-id=\"5bf019a\" data-element_type=\"container\" data-e-type=\"container\">\n\t\t\t\t<div class=\"elementor-element elementor-element-bae7bf3 elementor-widget elementor-widget-heading\" data-id=\"bae7bf3\" data-element_type=\"widget\" data-e-type=\"widget\" data-widget_type=\"heading.default\">\n\t\t\t\t\t<h2 class=\"elementor-heading-title elementor-size-default\">9. Cambios en esta pol\u00edtica<\/h2>\t\t\t\t<\/div>\n\t\t\t\t<div class=\"elementor-element elementor-element-0bee7d5 elementor-widget elementor-widget-text-editor\" data-id=\"0bee7d5\" data-element_type=\"widget\" data-e-type=\"widget\" data-widget_type=\"text-editor.default\">\n\t\t\t\t\t\t\t\t\t<p>A&amp;F Abogados podr\u00e1 actualizar esta Pol\u00edtica de Privacidad peri\u00f3dicamente para reflejar cambios legales, t\u00e9cnicos o de funcionamiento del sitio web.<br \/>Se recomienda revisar esta pol\u00edtica regularmente.<\/p>\t\t\t\t\t\t\t\t<\/div>\n\t\t\t\t<\/div>\n\t\t\t\t\t<\/div>\n\t\t\t\t<\/div>\n\t\t\t\t<\/div>","protected":false},"excerpt":{"rendered":"<p>\u00daltima actualizaci\u00f3n: 15\/05\/2026 Pol\u00edticas de Privacidad A&amp;F Abogados 1. Informaci\u00f3n General Esta Pol\u00edtica de Privacidad describe c\u00f3mo A&amp;F; Abogados recopila, utiliza y protege la informaci\u00f3n personal de los usuarios que visitan el sitio web www.allendeferrante.com. Titular del sitio web: A&amp;F; Abogados Direcci\u00f3n: Av. Hip\u00f3lito Irigoyen 476 piso 8, Ciudad Aut\u00f3noma de Buenos Aires, Argentina. 2. [&hellip;]<\/p>\n","protected":false},"author":1,"featured_media":0,"parent":0,"menu_order":0,"comment_status":"closed","ping_status":"closed","template":"elementor_header_footer","meta":{"footnotes":""},"class_list":["post-1294","page","type-page","status-publish","hentry"],"_links":{"self":[{"href":"https:\/\/www.allendeferrante.com\/en\/wp-json\/wp\/v2\/pages\/1294","targetHints":{"allow":["GET"]}}],"collection":[{"href":"https:\/\/www.allendeferrante.com\/en\/wp-json\/wp\/v2\/pages"}],"about":[{"href":"https:\/\/www.allendeferrante.com\/en\/wp-json\/wp\/v2\/types\/page"}],"author":[{"embeddable":true,"href":"https:\/\/www.allendeferrante.com\/en\/wp-json\/wp\/v2\/users\/1"}],"replies":[{"embeddable":true,"href":"https:\/\/www.allendeferrante.com\/en\/wp-json\/wp\/v2\/comments?post=1294"}],"version-history":[{"count":4,"href":"https:\/\/www.allendeferrante.com\/en\/wp-json\/wp\/v2\/pages\/1294\/revisions"}],"predecessor-version":[{"id":1301,"href":"https:\/\/www.allendeferrante.com\/en\/wp-json\/wp\/v2\/pages\/1294\/revisions\/1301"}],"wp:attachment":[{"href":"https:\/\/www.allendeferrante.com\/en\/wp-json\/wp\/v2\/media?parent=1294"}],"curies":[{"name":"wp","href":"https:\/\/api.w.org\/{rel}","templated":true}]}}